{"id":16,"date":"2022-02-15T07:42:26","date_gmt":"2022-02-15T07:42:26","guid":{"rendered":"https:\/\/psicologaerica.com\/index.php\/contact\/"},"modified":"2023-10-13T20:03:24","modified_gmt":"2023-10-13T19:03:24","slug":"contact","status":"publish","type":"page","link":"https:\/\/psicologaerica.com\/index.php\/contact\/","title":{"rendered":"Contact"},"content":{"rendered":"\t\t<div data-elementor-type=\"wp-page\" data-elementor-id=\"16\" class=\"elementor elementor-16\">\n\t\t\t\t\t\t\t\t\t<section class=\"elementor-section elementor-top-section elementor-element elementor-element-2d96625 elementor-section-boxed elementor-section-height-default elementor-section-height-default\" data-id=\"2d96625\" data-element_type=\"section\" data-settings=\"{&quot;background_background&quot;:&quot;classic&quot;}\">\n\t\t\t\t\t\t\t<div class=\"elementor-background-overlay\"><\/div>\n\t\t\t\t\t\t\t<div class=\"elementor-container elementor-column-gap-default\">\n\t\t\t\t\t<div class=\"elementor-column elementor-col-100 elementor-top-column elementor-element elementor-element-4e29bde\" data-id=\"4e29bde\" data-element_type=\"column\">\n\t\t\t<div class=\"elementor-widget-wrap elementor-element-populated\">\n\t\t\t\t\t\t\t\t<section class=\"elementor-section elementor-inner-section elementor-element elementor-element-faae833 elementor-section-boxed elementor-section-height-default elementor-section-height-default\" data-id=\"faae833\" data-element_type=\"section\">\n\t\t\t\t\t\t<div class=\"elementor-container elementor-column-gap-default\">\n\t\t\t\t\t<div class=\"elementor-column elementor-col-100 elementor-inner-column elementor-element elementor-element-d13be4c\" data-id=\"d13be4c\" data-element_type=\"column\">\n\t\t\t<div class=\"elementor-widget-wrap elementor-element-populated\">\n\t\t\t\t\t\t\t\t<div class=\"elementor-element elementor-element-04e8625 elementor-widget elementor-widget-heading\" data-id=\"04e8625\" data-element_type=\"widget\" data-widget_type=\"heading.default\">\n\t\t\t\t<div class=\"elementor-widget-container\">\n\t\t\t<style>\/*! elementor - v3.16.0 - 09-10-2023 *\/\n.elementor-heading-title{padding:0;margin:0;line-height:1}.elementor-widget-heading .elementor-heading-title[class*=elementor-size-]>a{color:inherit;font-size:inherit;line-height:inherit}.elementor-widget-heading .elementor-heading-title.elementor-size-small{font-size:15px}.elementor-widget-heading .elementor-heading-title.elementor-size-medium{font-size:19px}.elementor-widget-heading .elementor-heading-title.elementor-size-large{font-size:29px}.elementor-widget-heading .elementor-heading-title.elementor-size-xl{font-size:39px}.elementor-widget-heading .elementor-heading-title.elementor-size-xxl{font-size:59px}<\/style><h1 class=\"elementor-heading-title elementor-size-default\">Entre em contato<\/h1>\t\t<\/div>\n\t\t\t\t<\/div>\n\t\t\t\t<div class=\"elementor-element elementor-element-786eef5 elementor-widget elementor-widget-text-editor\" data-id=\"786eef5\" data-element_type=\"widget\" data-widget_type=\"text-editor.default\">\n\t\t\t\t<div class=\"elementor-widget-container\">\n\t\t\t<style>\/*! elementor - v3.16.0 - 09-10-2023 *\/\n.elementor-widget-text-editor.elementor-drop-cap-view-stacked .elementor-drop-cap{background-color:#69727d;color:#fff}.elementor-widget-text-editor.elementor-drop-cap-view-framed .elementor-drop-cap{color:#69727d;border:3px solid;background-color:transparent}.elementor-widget-text-editor:not(.elementor-drop-cap-view-default) .elementor-drop-cap{margin-top:8px}.elementor-widget-text-editor:not(.elementor-drop-cap-view-default) .elementor-drop-cap-letter{width:1em;height:1em}.elementor-widget-text-editor .elementor-drop-cap{float:left;text-align:center;line-height:1;font-size:50px}.elementor-widget-text-editor .elementor-drop-cap-letter{display:inline-block}<\/style>\t\t\t\t\t\t\t\t\t\t<\/div>\n\t\t\t\t<\/div>\n\t\t\t\t\t<\/div>\n\t\t<\/div>\n\t\t\t\t\t\t\t<\/div>\n\t\t<\/section>\n\t\t\t\t\t<\/div>\n\t\t<\/div>\n\t\t\t\t\t\t\t<\/div>\n\t\t<\/section>\n\t\t\t\t<section class=\"elementor-section elementor-top-section elementor-element elementor-element-30cc074 elementor-section-boxed elementor-section-height-default elementor-section-height-default\" data-id=\"30cc074\" data-element_type=\"section\">\n\t\t\t\t\t\t<div class=\"elementor-container elementor-column-gap-default\">\n\t\t\t\t\t<div class=\"elementor-column elementor-col-50 elementor-top-column elementor-element elementor-element-0a70945\" data-id=\"0a70945\" data-element_type=\"column\" data-settings=\"{&quot;background_background&quot;:&quot;classic&quot;}\">\n\t\t\t<div class=\"elementor-widget-wrap elementor-element-populated\">\n\t\t\t\t\t\t\t\t<div class=\"elementor-element elementor-element-51034ce elementor-widget elementor-widget-heading\" data-id=\"51034ce\" data-element_type=\"widget\" data-widget_type=\"heading.default\">\n\t\t\t\t<div class=\"elementor-widget-container\">\n\t\t\t<h6 class=\"elementor-heading-title elementor-size-default\">Endere\u00e7o<\/h6>\t\t<\/div>\n\t\t\t\t<\/div>\n\t\t\t\t<div class=\"elementor-element elementor-element-ca2c95e elementor-widget elementor-widget-text-editor\" data-id=\"ca2c95e\" data-element_type=\"widget\" data-widget_type=\"text-editor.default\">\n\t\t\t\t<div class=\"elementor-widget-container\">\n\t\t\t\t\t\t\t<p>R. Sebasti\u00e3o Velho, 202 &#8211; Pinheiros, S\u00e3o Paulo &#8211; SP, 05418-040, Brasil<\/p>\t\t\t\t\t\t<\/div>\n\t\t\t\t<\/div>\n\t\t\t\t<div class=\"elementor-element elementor-element-7faa207 elementor-widget elementor-widget-heading\" data-id=\"7faa207\" data-element_type=\"widget\" data-widget_type=\"heading.default\">\n\t\t\t\t<div class=\"elementor-widget-container\">\n\t\t\t<h6 class=\"elementor-heading-title elementor-size-default\">Email: <a href = \"mailto:ericaniwa@gmail.com\">ericaniwa@gmail.com<\/a><\/h6>\t\t<\/div>\n\t\t\t\t<\/div>\n\t\t\t\t<div class=\"elementor-element elementor-element-ef9ad12 elementor-widget elementor-widget-text-editor\" data-id=\"ef9ad12\" data-element_type=\"widget\" data-widget_type=\"text-editor.default\">\n\t\t\t\t<div class=\"elementor-widget-container\">\n\t\t\t\t\t\t\t<p>Sou psic\u00f3loga desde 2008, atendo adolescentes, adultos e fam\u00edlias a partir do referencial te\u00f3rico da psican\u00e1lise.<\/p><p>Sou formada pela UNESP\/Assis, com especializa\u00e7\u00e3o em Psicoterapia Psicanal\u00edtica (USP), p\u00f3s gradua\u00e7\u00e3o na cl\u00ednica voltada para pessoas com problemas associados ao uso de \u00e1lcool e outras drogas, em atendimento a fam\u00edlias e grupos, al\u00e9m de estar em forma\u00e7\u00e3o continuada nesses temas e em psican\u00e1lise.<\/p>\t\t\t\t\t\t<\/div>\n\t\t\t\t<\/div>\n\t\t\t\t\t<\/div>\n\t\t<\/div>\n\t\t\t\t<div class=\"elementor-column elementor-col-50 elementor-top-column elementor-element elementor-element-b9e5e90\" data-id=\"b9e5e90\" data-element_type=\"column\">\n\t\t\t<div class=\"elementor-widget-wrap elementor-element-populated\">\n\t\t\t\t\t\t\t\t<div class=\"elementor-element elementor-element-1f8b98c elementor-widget elementor-widget-heading\" data-id=\"1f8b98c\" data-element_type=\"widget\" data-widget_type=\"heading.default\">\n\t\t\t\t<div class=\"elementor-widget-container\">\n\t\t\t<h2 class=\"elementor-heading-title elementor-size-default\">Mande-nos uma mensagem<\/h2>\t\t<\/div>\n\t\t\t\t<\/div>\n\t\t\t\t<div class=\"elementor-element elementor-element-f7057ac elementor-widget elementor-widget-text-editor\" data-id=\"f7057ac\" data-element_type=\"widget\" data-widget_type=\"text-editor.default\">\n\t\t\t\t<div class=\"elementor-widget-container\">\n\t\t\t\t\t\t\t<p>Se voc\u00ea tiver alguma d\u00favida entre em contato conosco. Retornaremos seu email assim que poss\u00edvel.<\/p>\t\t\t\t\t\t<\/div>\n\t\t\t\t<\/div>\n\t\t\t\t<div class=\"elementor-element elementor-element-3523bb4 elementor-widget elementor-widget-meafe-cf7\" data-id=\"3523bb4\" data-element_type=\"widget\" data-widget_type=\"meafe-cf7.default\">\n\t\t\t\t<div class=\"elementor-widget-container\">\n\t\t\t\n<div class=\"wpcf7 no-js\" id=\"wpcf7-f4478-o1\" lang=\"en-US\" dir=\"ltr\">\n<div class=\"screen-reader-response\"><p role=\"status\" aria-live=\"polite\" aria-atomic=\"true\"><\/p> <ul><\/ul><\/div>\n<form action=\"\/index.php\/wp-json\/wp\/v2\/pages\/16#wpcf7-f4478-o1\" method=\"post\" class=\"wpcf7-form init meafe-cf7-form\" aria-label=\"Contact form\" novalidate=\"novalidate\" data-status=\"init\">\n<div style=\"display: none;\">\n<input type=\"hidden\" name=\"_wpcf7\" value=\"4478\" \/>\n<input type=\"hidden\" name=\"_wpcf7_version\" value=\"5.8.1\" \/>\n<input type=\"hidden\" name=\"_wpcf7_locale\" value=\"en_US\" \/>\n<input type=\"hidden\" name=\"_wpcf7_unit_tag\" value=\"wpcf7-f4478-o1\" \/>\n<input type=\"hidden\" name=\"_wpcf7_container_post\" value=\"0\" \/>\n<input type=\"hidden\" name=\"_wpcf7_posted_data_hash\" value=\"\" \/>\n<\/div>\n<p><span class=\"wpcf7-form-control-wrap\" data-name=\"Full-Name\"><input size=\"40\" class=\"wpcf7-form-control wpcf7-text wpcf7-validates-as-required\" aria-required=\"true\" aria-invalid=\"false\" placeholder=\"Nome\" value=\"\" type=\"text\" name=\"Full-Name\" \/><\/span>\n<\/p>\n<p><span class=\"wpcf7-form-control-wrap\" data-name=\"Phone-No\"><input class=\"wpcf7-form-control wpcf7-number wpcf7-validates-as-required wpcf7-validates-as-number\" aria-required=\"true\" aria-invalid=\"false\" placeholder=\"Telefone\" value=\"\" type=\"number\" name=\"Phone-No\" \/><\/span>\n<\/p>\n<p><span class=\"wpcf7-form-control-wrap\" data-name=\"Email\"><input size=\"40\" class=\"wpcf7-form-control wpcf7-email wpcf7-validates-as-required wpcf7-text wpcf7-validates-as-email\" aria-required=\"true\" aria-invalid=\"false\" placeholder=\"Email\" value=\"\" type=\"email\" name=\"Email\" \/><\/span>\n<\/p>\n<p>Digite os caracteres no campo abaixo: <input type=\"hidden\" name=\"_wpcf7_captcha_challenge_captcha-170\" value=\"2449942226\" \/><img decoding=\"async\" loading=\"lazy\" class=\"wpcf7-form-control wpcf7-captchac wpcf7-captcha-captcha-170\" width=\"72\" height=\"24\" alt=\"captcha\" src=\"https:\/\/psicologaerica.com\/wp-content\/uploads\/wpcf7_captcha\/2449942226.png\" \/><br \/>\n<span class=\"wpcf7-form-control-wrap\" data-name=\"captcha-170\"><input size=\"4\" maxlength=\"4\" class=\"wpcf7-form-control wpcf7-captchar\" autocomplete=\"off\" aria-invalid=\"false\" value=\"\" type=\"text\" name=\"captcha-170\" \/><\/span>\n<\/p>\n<p><input class=\"wpcf7-form-control wpcf7-submit has-spinner\" type=\"submit\" value=\"Enviar\" \/>\n<\/p><div class=\"wpcf7-response-output\" aria-hidden=\"true\"><\/div>\n<\/form>\n<\/div>\n\t\t<\/div>\n\t\t\t\t<\/div>\n\t\t\t\t\t<\/div>\n\t\t<\/div>\n\t\t\t\t\t\t\t<\/div>\n\t\t<\/section>\n\t\t\t\t<section class=\"elementor-section elementor-top-section elementor-element elementor-element-a96ce8e elementor-section-boxed elementor-section-height-default elementor-section-height-default\" data-id=\"a96ce8e\" data-element_type=\"section\">\n\t\t\t\t\t\t<div class=\"elementor-container elementor-column-gap-default\">\n\t\t\t\t\t<div class=\"elementor-column elementor-col-100 elementor-top-column elementor-element elementor-element-4f47bbd\" data-id=\"4f47bbd\" data-element_type=\"column\">\n\t\t\t<div class=\"elementor-widget-wrap elementor-element-populated\">\n\t\t\t\t\t\t\t\t<div class=\"elementor-element elementor-element-22b3fe6 elementor-widget elementor-widget-google_maps\" data-id=\"22b3fe6\" data-element_type=\"widget\" data-widget_type=\"google_maps.default\">\n\t\t\t\t<div class=\"elementor-widget-container\">\n\t\t\t<style>\/*! elementor - v3.16.0 - 09-10-2023 *\/\n.elementor-widget-google_maps .elementor-widget-container{overflow:hidden}.elementor-widget-google_maps .elementor-custom-embed{line-height:0}.elementor-widget-google_maps iframe{height:300px}<\/style>\t\t<div class=\"elementor-custom-embed\">\n\t\t\t<iframe loading=\"lazy\"\n\t\t\t\t\tsrc=\"https:\/\/maps.google.com\/maps?q=R.%20Sebasti%C3%A3o%20Velho%2C%20202%20-%20Pinheiros%2C%20S%C3%A3o%20Paulo%20-%20SP%2C%2005418-040%2C%20Brasil&#038;t=m&#038;z=17&#038;output=embed&#038;iwloc=near\"\n\t\t\t\t\ttitle=\"R. Sebasti\u00e3o Velho, 202 - Pinheiros, S\u00e3o Paulo - SP, 05418-040, Brasil\"\n\t\t\t\t\taria-label=\"R. Sebasti\u00e3o Velho, 202 - Pinheiros, S\u00e3o Paulo - SP, 05418-040, Brasil\"\n\t\t\t><\/iframe>\n\t\t<\/div>\n\t\t\t\t<\/div>\n\t\t\t\t<\/div>\n\t\t\t\t\t<\/div>\n\t\t<\/div>\n\t\t\t\t\t\t\t<\/div>\n\t\t<\/section>\n\t\t\t\t\t\t\t<\/div>\n\t\t","protected":false},"excerpt":{"rendered":"<p>Entre em contato Endere\u00e7o R. Sebasti\u00e3o Velho, 202 &#8211; Pinheiros, S\u00e3o Paulo &#8211; SP, 05418-040, Brasil Email: ericaniwa@gmail.com Sou psic\u00f3loga desde 2008, atendo adolescentes, adultos e fam\u00edlias a partir do [&hellip;]<\/p>\n","protected":false},"author":1,"featured_media":0,"parent":0,"menu_order":0,"comment_status":"closed","ping_status":"closed","template":"elementor_header_footer","meta":{"om_disable_all_campaigns":false,"_mi_skip_tracking":false,"_monsterinsights_sitenote_active":false,"_monsterinsights_sitenote_note":"","_monsterinsights_sitenote_category":0,"footnotes":""},"rishi__cb_customizer_meta":{"page_title_panel":"","page_title_hero_section":"default","breadcrumbs_single_page":"no","single_page_alignment":"left","single_page_margin":{"desktop":50,"tablet":30,"mobile":30},"80ca733481ca1abf38173e65850d8825":"","page_structure_type":"default","8efca048f73bcfaa57eb48c3c104bc1d":"","content_style_source":"inherit","content_style":"box-layout","blog_page_streched_ed":"no","vertical_spacing_source":"custom","content_area_spacing":"none","single_page_content_background":{"background_type":"color","background_pattern":"type-1","background_image":{"attachment_id":null,"x":0,"y":0},"gradient":"linear-gradient(135deg,rgba(6,147,227,1) 0%,rgb(155,81,224) 100%)","background_repeat":"no-repeat","background_size":"auto","background_attachment":"scroll","patternColor":{"default":{"color":"#e5e7ea"}},"overlayColor":{"default":{"color":"CT_CSS_SKIP_RULE"}},"backgroundColor":{"default":{"color":"var(--paletteColor5)"}}},"single_page_content_boxed_shadow":{"inherit":false,"blur":18,"spread":-6,"v_offset":12,"h_offset":0,"inset":false,"enable":false,"color":{"color":"rgba(34, 56, 101, 0.04)"}},"single_page_boxed_content_spacing":{"top":"40px","bottom":"40px","left":"40px","right":"40px","linked":true},"single_page_content_boxed_radius":{"top":"3px","bottom":"3px","left":"3px","right":"3px","linked":true},"61925910324fe756fa1cbc6ca885e76f":"","disable_featured_image":"no","disable_comments":"no","disable_header":"no","disable_footer":"no"},"aioseo_notices":[],"yoast_head":"<!-- This site is optimized with the Yoast SEO plugin v21.3 - https:\/\/yoast.com\/wordpress\/plugins\/seo\/ -->\n<title>Atendimento Psicol\u00f3gico e Terapia Familiar On-line | Psic\u00f3loga Erica<\/title>\n<meta name=\"description\" content=\"Psic\u00f3loga especializada em Terapia para Adultos e Adolescentes que atende atrav\u00e9s de consulta On-line por videochamada\" \/>\n<meta name=\"robots\" content=\"index, follow, max-snippet:-1, max-image-preview:large, max-video-preview:-1\" \/>\n<link rel=\"canonical\" href=\"https:\/\/psicologaerica.com\/index.php\/contact\/\" \/>\n<meta property=\"og:locale\" content=\"pt_BR\" \/>\n<meta property=\"og:type\" content=\"article\" \/>\n<meta property=\"og:title\" content=\"Atendimento Psicol\u00f3gico e Terapia Familiar On-line | Psic\u00f3loga Erica\" \/>\n<meta property=\"og:description\" content=\"Psic\u00f3loga especializada em Terapia para Adultos e Adolescentes que atende atrav\u00e9s de consulta On-line por videochamada\" \/>\n<meta property=\"og:url\" content=\"https:\/\/psicologaerica.com\/index.php\/contact\/\" \/>\n<meta property=\"og:site_name\" content=\"Psicologa Erica Niwa\" \/>\n<meta property=\"article:modified_time\" content=\"2023-10-13T19:03:24+00:00\" \/>\n<meta name=\"twitter:card\" content=\"summary_large_image\" \/>\n<meta name=\"twitter:label1\" content=\"Est. tempo de leitura\" \/>\n\t<meta name=\"twitter:data1\" content=\"1 minuto\" \/>\n<script type=\"application\/ld+json\" class=\"yoast-schema-graph\">{\"@context\":\"https:\/\/schema.org\",\"@graph\":[{\"@type\":\"WebPage\",\"@id\":\"https:\/\/psicologaerica.com\/index.php\/contact\/\",\"url\":\"https:\/\/psicologaerica.com\/index.php\/contact\/\",\"name\":\"Atendimento Psicol\u00f3gico e Terapia Familiar On-line | Psic\u00f3loga Erica\",\"isPartOf\":{\"@id\":\"https:\/\/psicologaerica.com\/#website\"},\"datePublished\":\"2022-02-15T07:42:26+00:00\",\"dateModified\":\"2023-10-13T19:03:24+00:00\",\"description\":\"Psic\u00f3loga especializada em Terapia para Adultos e Adolescentes que atende atrav\u00e9s de consulta On-line por videochamada\",\"breadcrumb\":{\"@id\":\"https:\/\/psicologaerica.com\/index.php\/contact\/#breadcrumb\"},\"inLanguage\":\"pt-BR\",\"potentialAction\":[{\"@type\":\"ReadAction\",\"target\":[\"https:\/\/psicologaerica.com\/index.php\/contact\/\"]}]},{\"@type\":\"BreadcrumbList\",\"@id\":\"https:\/\/psicologaerica.com\/index.php\/contact\/#breadcrumb\",\"itemListElement\":[{\"@type\":\"ListItem\",\"position\":1,\"name\":\"Home\",\"item\":\"https:\/\/psicologaerica.com\/\"},{\"@type\":\"ListItem\",\"position\":2,\"name\":\"Contact\"}]},{\"@type\":\"WebSite\",\"@id\":\"https:\/\/psicologaerica.com\/#website\",\"url\":\"https:\/\/psicologaerica.com\/\",\"name\":\"Psicologa Erica Niwa\",\"description\":\"\",\"publisher\":{\"@id\":\"https:\/\/psicologaerica.com\/#\/schema\/person\/358808569b178a7b157515ef8655320f\"},\"potentialAction\":[{\"@type\":\"SearchAction\",\"target\":{\"@type\":\"EntryPoint\",\"urlTemplate\":\"https:\/\/psicologaerica.com\/?s={search_term_string}\"},\"query-input\":\"required name=search_term_string\"}],\"inLanguage\":\"pt-BR\"},{\"@type\":[\"Person\",\"Organization\"],\"@id\":\"https:\/\/psicologaerica.com\/#\/schema\/person\/358808569b178a7b157515ef8655320f\",\"name\":\"Erica Niwa\",\"image\":{\"@type\":\"ImageObject\",\"inLanguage\":\"pt-BR\",\"@id\":\"https:\/\/psicologaerica.com\/#\/schema\/person\/image\/\",\"url\":\"https:\/\/secure.gravatar.com\/avatar\/d06bb03b8f8c822a809ad827cfe28d65?s=96&d=mm&r=g\",\"contentUrl\":\"https:\/\/secure.gravatar.com\/avatar\/d06bb03b8f8c822a809ad827cfe28d65?s=96&d=mm&r=g\",\"caption\":\"Erica Niwa\"},\"logo\":{\"@id\":\"https:\/\/psicologaerica.com\/#\/schema\/person\/image\/\"}}]}<\/script>\n<!-- \/ Yoast SEO plugin. -->","yoast_head_json":{"title":"Atendimento Psicol\u00f3gico e Terapia Familiar On-line | Psic\u00f3loga Erica","description":"Psic\u00f3loga especializada em Terapia para Adultos e Adolescentes que atende atrav\u00e9s de consulta On-line por videochamada","robots":{"index":"index","follow":"follow","max-snippet":"max-snippet:-1","max-image-preview":"max-image-preview:large","max-video-preview":"max-video-preview:-1"},"canonical":"https:\/\/psicologaerica.com\/index.php\/contact\/","og_locale":"pt_BR","og_type":"article","og_title":"Atendimento Psicol\u00f3gico e Terapia Familiar On-line | Psic\u00f3loga Erica","og_description":"Psic\u00f3loga especializada em Terapia para Adultos e Adolescentes que atende atrav\u00e9s de consulta On-line por videochamada","og_url":"https:\/\/psicologaerica.com\/index.php\/contact\/","og_site_name":"Psicologa Erica Niwa","article_modified_time":"2023-10-13T19:03:24+00:00","twitter_card":"summary_large_image","twitter_misc":{"Est. tempo de leitura":"1 minuto"},"schema":{"@context":"https:\/\/schema.org","@graph":[{"@type":"WebPage","@id":"https:\/\/psicologaerica.com\/index.php\/contact\/","url":"https:\/\/psicologaerica.com\/index.php\/contact\/","name":"Atendimento Psicol\u00f3gico e Terapia Familiar On-line | Psic\u00f3loga Erica","isPartOf":{"@id":"https:\/\/psicologaerica.com\/#website"},"datePublished":"2022-02-15T07:42:26+00:00","dateModified":"2023-10-13T19:03:24+00:00","description":"Psic\u00f3loga especializada em Terapia para Adultos e Adolescentes que atende atrav\u00e9s de consulta On-line por videochamada","breadcrumb":{"@id":"https:\/\/psicologaerica.com\/index.php\/contact\/#breadcrumb"},"inLanguage":"pt-BR","potentialAction":[{"@type":"ReadAction","target":["https:\/\/psicologaerica.com\/index.php\/contact\/"]}]},{"@type":"BreadcrumbList","@id":"https:\/\/psicologaerica.com\/index.php\/contact\/#breadcrumb","itemListElement":[{"@type":"ListItem","position":1,"name":"Home","item":"https:\/\/psicologaerica.com\/"},{"@type":"ListItem","position":2,"name":"Contact"}]},{"@type":"WebSite","@id":"https:\/\/psicologaerica.com\/#website","url":"https:\/\/psicologaerica.com\/","name":"Psicologa Erica Niwa","description":"","publisher":{"@id":"https:\/\/psicologaerica.com\/#\/schema\/person\/358808569b178a7b157515ef8655320f"},"potentialAction":[{"@type":"SearchAction","target":{"@type":"EntryPoint","urlTemplate":"https:\/\/psicologaerica.com\/?s={search_term_string}"},"query-input":"required name=search_term_string"}],"inLanguage":"pt-BR"},{"@type":["Person","Organization"],"@id":"https:\/\/psicologaerica.com\/#\/schema\/person\/358808569b178a7b157515ef8655320f","name":"Erica Niwa","image":{"@type":"ImageObject","inLanguage":"pt-BR","@id":"https:\/\/psicologaerica.com\/#\/schema\/person\/image\/","url":"https:\/\/secure.gravatar.com\/avatar\/d06bb03b8f8c822a809ad827cfe28d65?s=96&d=mm&r=g","contentUrl":"https:\/\/secure.gravatar.com\/avatar\/d06bb03b8f8c822a809ad827cfe28d65?s=96&d=mm&r=g","caption":"Erica Niwa"},"logo":{"@id":"https:\/\/psicologaerica.com\/#\/schema\/person\/image\/"}}]}},"_links":{"self":[{"href":"https:\/\/psicologaerica.com\/index.php\/wp-json\/wp\/v2\/pages\/16"}],"collection":[{"href":"https:\/\/psicologaerica.com\/index.php\/wp-json\/wp\/v2\/pages"}],"about":[{"href":"https:\/\/psicologaerica.com\/index.php\/wp-json\/wp\/v2\/types\/page"}],"author":[{"embeddable":true,"href":"https:\/\/psicologaerica.com\/index.php\/wp-json\/wp\/v2\/users\/1"}],"replies":[{"embeddable":true,"href":"https:\/\/psicologaerica.com\/index.php\/wp-json\/wp\/v2\/comments?post=16"}],"version-history":[{"count":36,"href":"https:\/\/psicologaerica.com\/index.php\/wp-json\/wp\/v2\/pages\/16\/revisions"}],"predecessor-version":[{"id":4743,"href":"https:\/\/psicologaerica.com\/index.php\/wp-json\/wp\/v2\/pages\/16\/revisions\/4743"}],"wp:attachment":[{"href":"https:\/\/psicologaerica.com\/index.php\/wp-json\/wp\/v2\/media?parent=16"}],"curies":[{"name":"wp","href":"https:\/\/api.w.org\/{rel}","templated":true}]}}